{"id":81,"date":"2022-05-05T15:43:22","date_gmt":"2022-05-05T19:43:22","guid":{"rendered":"https:\/\/test.usinagelab.com\/wordpress\/?page_id=81"},"modified":"2023-08-14T13:48:30","modified_gmt":"2023-08-14T17:48:30","slug":"services","status":"publish","type":"page","link":"https:\/\/usinagelab.com\/index.php\/services\/","title":{"rendered":"Services"},"content":{"rendered":"<style>\/*! elementor - v3.6.5 - 27-04-2022 *\/<br \/>\n.elementor-widget-image{text-align:center}.elementor-widget-image a{display:inline-block}.elementor-widget-image a img[src$=\".svg\"]{width:48px}.elementor-widget-image img{vertical-align:middle;display:inline-block}<\/style>\n<p>\t\t\t\t\t\t\t\t\t\t\t\t<img decoding=\"async\" width=\"2560\" height=\"1920\" src=\"https:\/\/test.usinagelab.com\/wordpress\/wp-content\/uploads\/2022\/04\/usinage1-scaled.jpg\" alt=\"\" loading=\"lazy\" srcset=\"https:\/\/test.usinagelab.com\/wordpress\/wp-content\/uploads\/2022\/04\/usinage1-scaled.jpg 2560w, https:\/\/test.usinagelab.com\/wordpress\/wp-content\/uploads\/2022\/04\/usinage1-300x225.jpg 300w, https:\/\/test.usinagelab.com\/wordpress\/wp-content\/uploads\/2022\/04\/usinage1-1024x768.jpg 1024w, https:\/\/test.usinagelab.com\/wordpress\/wp-content\/uploads\/2022\/04\/usinage1-768x576.jpg 768w, https:\/\/test.usinagelab.com\/wordpress\/wp-content\/uploads\/2022\/04\/usinage1-1536x1152.jpg 1536w, https:\/\/test.usinagelab.com\/wordpress\/wp-content\/uploads\/2022\/04\/usinage1-2048x1536.jpg 2048w\" sizes=\"(max-width: 2560px) 100vw, 2560px\"><\/p>\n<style>\/*! elementor - v3.6.5 - 27-04-2022 *\/<br \/>\n.elementor-heading-title{padding:0;margin:0;line-height:1}.elementor-widget-heading .elementor-heading-title[class*=elementor-size-]>a{color:inherit;font-size:inherit;line-height:inherit}.elementor-widget-heading .elementor-heading-title.elementor-size-small{font-size:15px}.elementor-widget-heading .elementor-heading-title.elementor-size-medium{font-size:19px}.elementor-widget-heading .elementor-heading-title.elementor-size-large{font-size:29px}.elementor-widget-heading .elementor-heading-title.elementor-size-xl{font-size:39px}.elementor-widget-heading .elementor-heading-title.elementor-size-xxl{font-size:59px}<\/style>\n<h4>Usinage CNC et conventionnel<\/h4>\n<h3>Nous sommes sp\u00e9cialis\u00e9s en usinage de pi\u00e8ces industrielles de petite \u00e0 moyenne quantit\u00e9.<strong>.<\/strong><\/h3>\n<h4>Soudure Acier, Inox et Aluminium<\/h4>\n<h3>Que ce soit une simple soudure de r\u00e9paration \u00e0 un assemblage m\u00e9cano soud\u00e9 complexe, nos soudeurs d&#8217;exp\u00e9rience sauront r\u00e9pondre<br \/>\n\u00e0 vos besoins.<\/h3>\n<p><img decoding=\"async\" width=\"2560\" height=\"1707\" src=\"https:\/\/test.usinagelab.com\/wordpress\/wp-content\/uploads\/2022\/04\/soudure3-1-scaled.jpg\" alt=\"\" loading=\"lazy\" srcset=\"https:\/\/test.usinagelab.com\/wordpress\/wp-content\/uploads\/2022\/04\/soudure3-1-scaled.jpg 2560w, https:\/\/test.usinagelab.com\/wordpress\/wp-content\/uploads\/2022\/04\/soudure3-1-300x200.jpg 300w, https:\/\/test.usinagelab.com\/wordpress\/wp-content\/uploads\/2022\/04\/soudure3-1-1024x683.jpg 1024w, https:\/\/test.usinagelab.com\/wordpress\/wp-content\/uploads\/2022\/04\/soudure3-1-768x512.jpg 768w, https:\/\/test.usinagelab.com\/wordpress\/wp-content\/uploads\/2022\/04\/soudure3-1-1536x1024.jpg 1536w, https:\/\/test.usinagelab.com\/wordpress\/wp-content\/uploads\/2022\/04\/soudure3-1-2048x1365.jpg 2048w\" sizes=\"(max-width: 2560px) 100vw, 2560px\"><br \/>\n<img decoding=\"async\" width=\"1145\" height=\"787\" src=\"https:\/\/test.usinagelab.com\/wordpress\/wp-content\/uploads\/2022\/04\/Conception.jpg\" alt=\"\" loading=\"lazy\" srcset=\"https:\/\/test.usinagelab.com\/wordpress\/wp-content\/uploads\/2022\/04\/Conception.jpg 1145w, https:\/\/test.usinagelab.com\/wordpress\/wp-content\/uploads\/2022\/04\/Conception-300x206.jpg 300w, https:\/\/test.usinagelab.com\/wordpress\/wp-content\/uploads\/2022\/04\/Conception-1024x704.jpg 1024w, https:\/\/test.usinagelab.com\/wordpress\/wp-content\/uploads\/2022\/04\/Conception-768x528.jpg 768w\" sizes=\"(max-width: 1145px) 100vw, 1145px\"><\/p>\n<h4>Conception et fabrication<\/h4>\n<h3>Nous vous offrons un service cl\u00e9 en main.: conception, dessins techniques, approbation ing\u00e9nierie, fabrication et assemblage de vos projets quels qu&#8217;ils soient (r\u00e9servoirs, fendeuse \u00e0 bois, potence,passerelle, support, etc..<\/h3>\n","protected":false},"excerpt":{"rendered":"<p>Usinage CNC et conventionnel Nous sommes sp\u00e9cialis\u00e9s en usinage de pi\u00e8ces industrielles de petite \u00e0 moyenne quantit\u00e9.. Soudure Acier, Inox et Aluminium Que ce soit [&hellip;]<\/p>\n","protected":false},"author":1,"featured_media":0,"parent":0,"menu_order":0,"comment_status":"closed","ping_status":"closed","template":"","meta":{"_regular_price":[],"currency_symbol":[]},"post_slider_layout_featured_media_urls":{"thumbnail":"","post_slider_layout_landscape_large":"","post_slider_layout_portrait_large":"","post_slider_layout_square_large":"","post_slider_layout_landscape":"","post_slider_layout_portrait":"","post_slider_layout_square":"","full":""},"_links":{"self":[{"href":"https:\/\/usinagelab.com\/index.php\/wp-json\/wp\/v2\/pages\/81"}],"collection":[{"href":"https:\/\/usinagelab.com\/index.php\/wp-json\/wp\/v2\/pages"}],"about":[{"href":"https:\/\/usinagelab.com\/index.php\/wp-json\/wp\/v2\/types\/page"}],"author":[{"embeddable":true,"href":"https:\/\/usinagelab.com\/index.php\/wp-json\/wp\/v2\/users\/1"}],"replies":[{"embeddable":true,"href":"https:\/\/usinagelab.com\/index.php\/wp-json\/wp\/v2\/comments?post=81"}],"version-history":[{"count":20,"href":"https:\/\/usinagelab.com\/index.php\/wp-json\/wp\/v2\/pages\/81\/revisions"}],"predecessor-version":[{"id":257,"href":"https:\/\/usinagelab.com\/index.php\/wp-json\/wp\/v2\/pages\/81\/revisions\/257"}],"wp:attachment":[{"href":"https:\/\/usinagelab.com\/index.php\/wp-json\/wp\/v2\/media?parent=81"}],"curies":[{"name":"wp","href":"https:\/\/api.w.org\/{rel}","templated":true}]}}